{"id":535,"date":"2022-10-03T16:28:02","date_gmt":"2022-10-03T16:28:02","guid":{"rendered":"https:\/\/aoi-sora-cosplay.com\/?page_id=535"},"modified":"2022-10-03T16:28:02","modified_gmt":"2022-10-03T16:28:02","slug":"rejoignez-nous","status":"publish","type":"page","link":"https:\/\/aoi-sora-cosplay.com\/?page_id=535","title":{"rendered":"Rejoignez-nous"},"content":{"rendered":"\n<p>Vous \u00eates int\u00e9ress\u00e9(e) pour devenir b\u00e9n\u00e9vole de l&rsquo;association Aoi Sora Cosplay ? <a href=\"https:\/\/aoi-sora-cosplay.com\/?page_id=10\" target=\"_blank\" rel=\"noreferrer noopener\">Contactez-nous<\/a><\/p>\n","protected":false},"excerpt":{"rendered":"<p>Vous \u00eates int\u00e9ress\u00e9(e) pour devenir b\u00e9n\u00e9vole de l&rsquo;association Aoi Sora Cosplay ? Contactez-nous<\/p>\n","protected":false},"author":1,"featured_media":0,"parent":0,"menu_order":0,"comment_status":"closed","ping_status":"closed","template":"","meta":{"footnotes":""},"class_list":["post-535","page","type-page","status-publish","hentry"],"_links":{"self":[{"href":"https:\/\/aoi-sora-cosplay.com\/index.php?rest_route=\/wp\/v2\/pages\/535","targetHints":{"allow":["GET"]}}],"collection":[{"href":"https:\/\/aoi-sora-cosplay.com\/index.php?rest_route=\/wp\/v2\/pages"}],"about":[{"href":"https:\/\/aoi-sora-cosplay.com\/index.php?rest_route=\/wp\/v2\/types\/page"}],"author":[{"embeddable":true,"href":"https:\/\/aoi-sora-cosplay.com\/index.php?rest_route=\/wp\/v2\/users\/1"}],"replies":[{"embeddable":true,"href":"https:\/\/aoi-sora-cosplay.com\/index.php?rest_route=%2Fwp%2Fv2%2Fcomments&post=535"}],"version-history":[{"count":1,"href":"https:\/\/aoi-sora-cosplay.com\/index.php?rest_route=\/wp\/v2\/pages\/535\/revisions"}],"predecessor-version":[{"id":536,"href":"https:\/\/aoi-sora-cosplay.com\/index.php?rest_route=\/wp\/v2\/pages\/535\/revisions\/536"}],"wp:attachment":[{"href":"https:\/\/aoi-sora-cosplay.com\/index.php?rest_route=%2Fwp%2Fv2%2Fmedia&parent=535"}],"curies":[{"name":"wp","href":"https:\/\/api.w.org\/{rel}","templated":true}]}}