{"id":199,"date":"2020-01-02T10:07:53","date_gmt":"2020-01-02T10:07:53","guid":{"rendered":"https:\/\/aoi-sora-cosplay.com\/?page_id=199"},"modified":"2022-09-20T09:09:42","modified_gmt":"2022-09-20T09:09:42","slug":"lequipe-esport","status":"publish","type":"page","link":"https:\/\/aoi-sora-cosplay.com\/?page_id=199","title":{"rendered":""},"content":{"rendered":"<div class=\"wp-block-image\">\n<figure class=\"aligncenter\"><img decoding=\"async\" src=\"https:\/\/aoi-sora-cosplay.com\/wp-content\/uploads\/2021\/07\/logoASCteam_3-1-265x300-1.png\" alt=\"L\u2019attribut alt de cette image est vide, son nom de fichier est logoASCteam_3-1-265x300-1.png.\"\/><\/figure>\n<\/div>\n\n\n<p>Fond\u00e9e par l&rsquo;association <strong>Aoi Sora Cosplay<\/strong>, l&rsquo;\u00e9quipe <strong>ASC Esport<\/strong> est n\u00e9e  le 7 ao\u00fbt 2015 dans le but de contribuer au d\u00e9veloppement du sport \u00e9lectronique (Esport) \u00e0 travers le jeu vid\u00e9o<strong> <a rel=\"noreferrer noopener\" href=\"https:\/\/www.nintendo.fr\/Jeux\/Jeux-Nintendo-Switch\/Splatoon-3-1924751.html\" target=\"_blank\">Splatoon<\/a><\/strong> de <strong><a href=\"https:\/\/www.nintendo.fr\/\">Nintendo<\/a>.<\/strong> L&rsquo;\u00e9quipe est mixte et compos\u00e9e de joueurs  de tout niveau et de tout \u00e2ge.  Elle fait partie des \u00e9quipes comp\u00e9titives les plus anciennes  et actives de la communaut\u00e9 du jeu <strong>Splatoon<\/strong>.<\/p>\n\n\n\n<figure class=\"wp-block-gallery has-nested-images columns-default is-cropped wp-block-gallery-1 is-layout-flex wp-block-gallery-is-layout-flex\">\n<figure class=\"wp-block-image size-large\"><img loading=\"lazy\" decoding=\"async\" width=\"1024\" height=\"576\" data-id=\"311\" src=\"https:\/\/aoi-sora-cosplay.com\/wp-content\/uploads\/2021\/07\/20210731_122115-1024x576.jpg\" alt=\"\" class=\"wp-image-311\" srcset=\"https:\/\/aoi-sora-cosplay.com\/wp-content\/uploads\/2021\/07\/20210731_122115-1024x576.jpg 1024w, https:\/\/aoi-sora-cosplay.com\/wp-content\/uploads\/2021\/07\/20210731_122115-300x169.jpg 300w, https:\/\/aoi-sora-cosplay.com\/wp-content\/uploads\/2021\/07\/20210731_122115-768x432.jpg 768w, https:\/\/aoi-sora-cosplay.com\/wp-content\/uploads\/2021\/07\/20210731_122115.jpg 1280w\" sizes=\"auto, (max-width: 767px) 89vw, (max-width: 1000px) 54vw, (max-width: 1071px) 543px, 580px\" \/><\/figure>\n\n\n\n<figure class=\"wp-block-image size-large\"><img loading=\"lazy\" decoding=\"async\" width=\"1024\" height=\"576\" data-id=\"312\" src=\"https:\/\/aoi-sora-cosplay.com\/wp-content\/uploads\/2021\/07\/photo-team-2-1024x576.jpg\" alt=\"\" class=\"wp-image-312\" srcset=\"https:\/\/aoi-sora-cosplay.com\/wp-content\/uploads\/2021\/07\/photo-team-2-1024x576.jpg 1024w, https:\/\/aoi-sora-cosplay.com\/wp-content\/uploads\/2021\/07\/photo-team-2-300x169.jpg 300w, https:\/\/aoi-sora-cosplay.com\/wp-content\/uploads\/2021\/07\/photo-team-2-768x432.jpg 768w, https:\/\/aoi-sora-cosplay.com\/wp-content\/uploads\/2021\/07\/photo-team-2.jpg 1280w\" sizes=\"auto, (max-width: 767px) 89vw, (max-width: 1000px) 54vw, (max-width: 1071px) 543px, 580px\" \/><\/figure>\n\n\n\n<figure class=\"wp-block-image size-large\"><img loading=\"lazy\" decoding=\"async\" width=\"1024\" height=\"576\" data-id=\"313\" src=\"https:\/\/aoi-sora-cosplay.com\/wp-content\/uploads\/2021\/07\/20210728_174148-1024x576.jpg\" alt=\"\" class=\"wp-image-313\" srcset=\"https:\/\/aoi-sora-cosplay.com\/wp-content\/uploads\/2021\/07\/20210728_174148-1024x576.jpg 1024w, https:\/\/aoi-sora-cosplay.com\/wp-content\/uploads\/2021\/07\/20210728_174148-300x169.jpg 300w, https:\/\/aoi-sora-cosplay.com\/wp-content\/uploads\/2021\/07\/20210728_174148-768x432.jpg 768w, https:\/\/aoi-sora-cosplay.com\/wp-content\/uploads\/2021\/07\/20210728_174148.jpg 1280w\" sizes=\"auto, (max-width: 767px) 89vw, (max-width: 1000px) 54vw, (max-width: 1071px) 543px, 580px\" \/><\/figure>\n<figcaption class=\"blocks-gallery-caption\">Nos rosters comp\u00e9titifs, de gauche \u00e0 droite : ASC Neko, ASCSheru et ASCTenshi<\/figcaption><\/figure>\n\n\n\n<p>A ce jour, <strong>ASC Esport<\/strong> a 3 rosters comp\u00e9titifs  qui participent \u00e0 la <a href=\"https:\/\/esportbros.tv\/ligue-ebtv\" target=\"_blank\" rel=\"noreferrer noopener\"><strong>ligue EBTV<\/strong><\/a>, le championnat francophone  :<\/p>\n\n\n\n<p>&#8211; ASC Tenshi, class\u00e9 en  <a rel=\"noreferrer noopener\" href=\"https:\/\/ligue.esportbros.tv\/division?saison=13&amp;division=1\" target=\"_blank\">Division 1<\/a><\/p>\n\n\n\n<p>&#8211; ASC Neko, class\u00e9 en <a rel=\"noreferrer noopener\" href=\"https:\/\/ligue.esportbros.tv\/division?saison=13&amp;division=2\" target=\"_blank\">Division 2<\/a><\/p>\n\n\n\n<p>&#8211; ASC Shokkai (anciennement ASC Sheru), class\u00e9 en <a href=\"https:\/\/ligue.esportbros.tv\/division?saison=13&amp;division=5\" target=\"_blank\" rel=\"noreferrer noopener\">Division 5<\/a><\/p>\n\n\n\n<p>A l&rsquo;occasion de la sortie du jeu <strong><a href=\"https:\/\/www.nintendo.fr\/Jeux\/Jeux-Nintendo-Switch\/Splatoon-3-1924751.html\" target=\"_blank\" rel=\"noreferrer noopener\">Splatoon 3<\/a><\/strong>, <strong>ASC Esport<\/strong> a ouvert une acad\u00e9mie de formation, ASC Niji, qui permet aux joueurs d\u00e9butants d&rsquo;apprendre les bases n\u00e9cessaires \u00e0 la  comp\u00e9tition et au jeu en \u00e9quipe.<\/p>\n\n\n\n<p>Suivez notre actualit\u00e9 sur twitter <strong><a href=\"https:\/\/twitter.com\/team_esport_asc\" data-type=\"URL\" data-id=\"https:\/\/twitter.com\/team_esport_asc\" target=\"_blank\" rel=\"noreferrer noopener\">@Team_Esport_ASC<\/a><\/strong>  ou bien rejoignez notre grande communaut\u00e9 sur <a rel=\"noreferrer noopener\" href=\"https:\/\/discord.gg\/Zq2TQvtpYW\" data-type=\"URL\" data-id=\"https:\/\/discord.gg\/Zq2TQvtpYW\" target=\"_blank\">Discord <\/a><\/p>\n\n\n\n<figure class=\"wp-block-embed is-type-video is-provider-youtube wp-block-embed-youtube wp-embed-aspect-16-9 wp-has-aspect-ratio\"><div class=\"wp-block-embed__wrapper\">\n<iframe loading=\"lazy\" title=\"ASC Tenshi push et KO\" width=\"525\" height=\"295\" src=\"https:\/\/www.youtube.com\/embed\/JNfKYj-oMEg?feature=oembed\" frameborder=\"0\" allow=\"accelerometer; autoplay; clipboard-write; encrypted-media; gyroscope; picture-in-picture; web-share\" referrerpolicy=\"strict-origin-when-cross-origin\" allowfullscreen><\/iframe>\n<\/div><figcaption>L&rsquo;ASC Tenshi brille dans le moley time !<\/figcaption><\/figure>\n\n\n\n<figure class=\"wp-block-image size-large\"><img loading=\"lazy\" decoding=\"async\" width=\"1024\" height=\"341\" src=\"https:\/\/aoi-sora-cosplay.com\/wp-content\/uploads\/2021\/08\/20210806_153103-1024x341.jpg\" alt=\"\" class=\"wp-image-327\" srcset=\"https:\/\/aoi-sora-cosplay.com\/wp-content\/uploads\/2021\/08\/20210806_153103-1024x341.jpg 1024w, https:\/\/aoi-sora-cosplay.com\/wp-content\/uploads\/2021\/08\/20210806_153103-300x100.jpg 300w, https:\/\/aoi-sora-cosplay.com\/wp-content\/uploads\/2021\/08\/20210806_153103-768x256.jpg 768w, https:\/\/aoi-sora-cosplay.com\/wp-content\/uploads\/2021\/08\/20210806_153103.jpg 1080w\" sizes=\"auto, (max-width: 767px) 89vw, (max-width: 1000px) 54vw, (max-width: 1071px) 543px, 580px\" \/><figcaption>Le travail d&rsquo;\u00e9quipe permet au r\u00eave de se r\u00e9aliser <\/figcaption><\/figure>\n","protected":false},"excerpt":{"rendered":"<p>Fond\u00e9e par l&rsquo;association Aoi Sora Cosplay, l&rsquo;\u00e9quipe ASC Esport est n\u00e9e le 7 ao\u00fbt 2015 dans le but de contribuer au d\u00e9veloppement du sport \u00e9lectronique (Esport) \u00e0 travers le jeu vid\u00e9o Splatoon de Nintendo. L&rsquo;\u00e9quipe est mixte et compos\u00e9e de joueurs de tout niveau et de tout \u00e2ge. Elle fait partie des \u00e9quipes comp\u00e9titives les &hellip; <\/p>\n<p class=\"link-more\"><a href=\"https:\/\/aoi-sora-cosplay.com\/?page_id=199\" class=\"more-link\">Continuer la lecture<span class=\"screen-reader-text\"> de &laquo;&nbsp;&nbsp;&raquo;<\/span><\/a><\/p>\n","protected":false},"author":1,"featured_media":0,"parent":0,"menu_order":0,"comment_status":"closed","ping_status":"closed","template":"","meta":{"footnotes":""},"class_list":["post-199","page","type-page","status-publish","hentry"],"_links":{"self":[{"href":"https:\/\/aoi-sora-cosplay.com\/index.php?rest_route=\/wp\/v2\/pages\/199","targetHints":{"allow":["GET"]}}],"collection":[{"href":"https:\/\/aoi-sora-cosplay.com\/index.php?rest_route=\/wp\/v2\/pages"}],"about":[{"href":"https:\/\/aoi-sora-cosplay.com\/index.php?rest_route=\/wp\/v2\/types\/page"}],"author":[{"embeddable":true,"href":"https:\/\/aoi-sora-cosplay.com\/index.php?rest_route=\/wp\/v2\/users\/1"}],"replies":[{"embeddable":true,"href":"https:\/\/aoi-sora-cosplay.com\/index.php?rest_route=%2Fwp%2Fv2%2Fcomments&post=199"}],"version-history":[{"count":6,"href":"https:\/\/aoi-sora-cosplay.com\/index.php?rest_route=\/wp\/v2\/pages\/199\/revisions"}],"predecessor-version":[{"id":477,"href":"https:\/\/aoi-sora-cosplay.com\/index.php?rest_route=\/wp\/v2\/pages\/199\/revisions\/477"}],"wp:attachment":[{"href":"https:\/\/aoi-sora-cosplay.com\/index.php?rest_route=%2Fwp%2Fv2%2Fmedia&parent=199"}],"curies":[{"name":"wp","href":"https:\/\/api.w.org\/{rel}","templated":true}]}}